{"id":1788,"date":"2025-08-01T11:01:00","date_gmt":"2025-08-01T10:01:00","guid":{"rendered":"https:\/\/aaipleiria.pt\/?page_id=1788"},"modified":"2025-08-05T20:47:02","modified_gmt":"2025-08-05T19:47:02","slug":"rc","status":"publish","type":"page","link":"https:\/\/aaipleiria.pt\/en\/rc\/","title":{"rendered":"Rece\u00e7\u00e3o do Caloiro"},"content":{"rendered":"<div data-elementor-type=\"wp-page\" data-elementor-id=\"1788\" class=\"elementor elementor-1788\" data-elementor-post-type=\"page\">\n\t\t\t\t<div class=\"elementor-element elementor-element-5219501a e-con-full animated-fast e-flex elementor-invisible e-con e-parent\" data-id=\"5219501a\" data-element_type=\"container\" data-e-type=\"container\" data-settings=\"{&quot;background_background&quot;:&quot;classic&quot;,&quot;animation&quot;:&quot;fadeIn&quot;}\">\n\t\t\t\t<div class=\"elementor-element elementor-element-393c9f8 elementor-widget-mobile__width-inherit elementor--h-position-center elementor--v-position-middle elementor-arrows-position-inside elementor-pagination-position-inside elementor-widget elementor-widget-slides\" data-id=\"393c9f8\" data-element_type=\"widget\" data-e-type=\"widget\" data-settings=\"{&quot;navigation&quot;:&quot;both&quot;,&quot;autoplay&quot;:&quot;yes&quot;,&quot;pause_on_hover&quot;:&quot;yes&quot;,&quot;pause_on_interaction&quot;:&quot;yes&quot;,&quot;autoplay_speed&quot;:5000,&quot;transition&quot;:&quot;slide&quot;,&quot;transition_speed&quot;:500}\" data-widget_type=\"slides.default\">\n\t\t\t\t<div class=\"elementor-widget-container\">\n\t\t\t\t\t\t\t\t\t<div class=\"elementor-swiper\">\n\t\t\t\t\t<div class=\"elementor-slides-wrapper elementor-main-swiper swiper\" role=\"region\" aria-roledescription=\"carousel\" aria-label=\"Slides\" dir=\"ltr\" data-animation=\"fadeInRight\">\n\t\t\t\t<div class=\"swiper-wrapper elementor-slides\">\n\t\t\t\t\t\t\t\t\t\t<div class=\"elementor-repeater-item-d94ceaf swiper-slide\" role=\"group\" aria-roledescription=\"slide\"><div class=\"swiper-slide-bg elementor-ken-burns elementor-ken-burns--out\" role=\"img\" aria-label=\"475127244_1196472888715418_920278396696932344_n\"><\/div><div class=\"elementor-background-overlay\"><\/div><div class=\"swiper-slide-inner\" ><div class=\"swiper-slide-contents\"><div class=\"elementor-slide-heading\">Rece\u00e7\u00e3o ao Caloiro<\/div><div class=\"elementor-slide-description\">O Teu Primeiro Grande Momento Acad\u00e9mico! \ud83c\udf93<\/div><\/div><\/div><\/div>\t\t\t\t<\/div>\n\t\t\t\t\t\t\t<\/div>\n\t\t\t\t<\/div>\n\t\t\t\t\t\t\t\t<\/div>\n\t\t\t\t<\/div>\n\t\t\t\t<\/div>\n\t\t<div class=\"elementor-element elementor-element-2c26bf6f e-con-full e-flex e-con e-parent\" data-id=\"2c26bf6f\" data-element_type=\"container\" data-e-type=\"container\" data-settings=\"{&quot;background_background&quot;:&quot;classic&quot;}\">\n\t\t<div class=\"elementor-element elementor-element-60bf7098 e-con-full animated-fast e-flex elementor-invisible e-con e-child\" data-id=\"60bf7098\" data-element_type=\"container\" data-e-type=\"container\" data-settings=\"{&quot;animation&quot;:&quot;fadeIn&quot;}\">\n\t\t\t\t<div class=\"elementor-element elementor-element-3d2ed399 elementor-widget elementor-widget-text-editor\" data-id=\"3d2ed399\" data-element_type=\"widget\" data-e-type=\"widget\" data-widget_type=\"text-editor.default\">\n\t\t\t\t<div class=\"elementor-widget-container\">\n\t\t\t\t\t\t\t\t\t<p data-start=\"282\" data-end=\"653\">A Rece\u00e7\u00e3o ao Caloiro de Leiria \u00e9 muito mais do que uma festa,\u00a0<strong>\u00e9 a porta de entrada para a vida acad\u00e9mica<\/strong> de centenas de estudantes do Instituto Polit\u00e9cnico de Leiria. Esta semana de celebra\u00e7\u00e3o d\u00e1 as boas-vindas aos novos alunos com <strong data-start=\"605\" data-end=\"652\">m\u00fasica, tradi\u00e7\u00e3o e muito esp\u00edrito acad\u00e9mico<\/strong>.<\/p><p data-start=\"655\" data-end=\"1034\"><strong data-start=\"658\" data-end=\"685\">Ao longo de v\u00e1rios dias<\/strong>, Leiria transforma-se num verdadeiro palco. Fora do campus, num recinto preparado para receber milhares de estudantes todas as noites, o ambiente ganha vida com <strong data-start=\"862\" data-end=\"896\">barracas dos diferentes cursos<\/strong>, <strong data-start=\"898\" data-end=\"930\">atua\u00e7\u00f5es de tunas acad\u00e9micas<\/strong> e um cartaz com <strong data-start=\"955\" data-end=\"992\">DJs e artistas de renome nacional<\/strong>. A cidade vibra, e tu fazes parte disso! <img decoding=\"async\" class=\"emoji\" role=\"img\" draggable=\"false\" src=\"https:\/\/s.w.org\/images\/core\/emoji\/16.0.1\/svg\/1f389.svg\" alt=\"\ud83c\udf89\" \/>\u00a0<\/p><p data-start=\"1036\" data-end=\"1330\"><img decoding=\"async\" class=\"emoji\" role=\"img\" draggable=\"false\" src=\"https:\/\/s.w.org\/images\/core\/emoji\/16.0.1\/svg\/1f4a5.svg\" alt=\"\ud83d\udca5\" \/> E como manda a tradi\u00e7\u00e3o, as <strong data-start=\"1067\" data-end=\"1096\">quartas-feiras da Rece\u00e7\u00e3o<\/strong> t\u00eam um lugar especial no cora\u00e7\u00e3o de todos os caloiros. S\u00e3o dedicadas ao ic\u00f3nico <span style=\"color: #3366ff;\"><a style=\"color: #3366ff;\" href=\"https:\/\/aaipleiria.pt\/en\/batismo\/\">Batismo do Caloiro<\/a><\/span><strong data-start=\"1177\" data-end=\"1199\">, <\/strong>um ritual simb\u00f3lico que marca oficialmente a entrada dos novos estudantes na vida acad\u00e9mica, refor\u00e7ando os la\u00e7os entre gera\u00e7\u00f5es.<\/p><p data-start=\"1332\" data-end=\"1671\">Mas a Rece\u00e7\u00e3o ao Caloiro vai muito al\u00e9m da m\u00fasica e das luzes. \u00c9 um <strong data-start=\"1400\" data-end=\"1424\">evento de integra\u00e7\u00e3o<\/strong>, pensado para acolher quem est\u00e1 a come\u00e7ar esta nova fase. Aqui criam-se <strong data-start=\"1497\" data-end=\"1521\">amizades para a vida<\/strong>, vivem-se momentos inesquec\u00edveis e come\u00e7a a constru\u00e7\u00e3o de um verdadeiro <strong data-start=\"1594\" data-end=\"1616\">esp\u00edrito acad\u00e9mico<\/strong> que une estudantes de todas as escolas, cursos e anos.<\/p><blockquote data-start=\"1673\" data-end=\"1798\"><p data-start=\"1675\" data-end=\"1798\"><b>Come\u00e7a o teu percurso com energia, tradi\u00e7\u00e3o e o melhor que a Academia de Leiria tem para oferecer. A tua nova vida come\u00e7a aqui!<\/b><\/p><\/blockquote>\t\t\t\t\t\t\t\t<\/div>\n\t\t\t\t<\/div>\n\t\t\t\t<\/div>\n\t\t<div class=\"elementor-element elementor-element-3064e18 e-con-full animated-fast e-flex elementor-invisible e-con e-child\" data-id=\"3064e18\" data-element_type=\"container\" data-e-type=\"container\" data-settings=\"{&quot;background_background&quot;:&quot;classic&quot;,&quot;animation&quot;:&quot;fadeIn&quot;}\">\n\t\t\t\t<div class=\"elementor-element elementor-element-72a83960 elementor-widget elementor-widget-heading\" data-id=\"72a83960\" data-element_type=\"widget\" data-e-type=\"widget\" data-widget_type=\"heading.default\">\n\t\t\t\t<div class=\"elementor-widget-container\">\n\t\t\t\t\t<h5 class=\"elementor-heading-title elementor-size-default\">Portf\u00f3lio:<\/h5>\t\t\t\t<\/div>\n\t\t\t\t<\/div>\n\t\t\t\t<div class=\"elementor-element elementor-element-13357a3 elementor-position-inline-start elementor-view-default elementor-mobile-position-block-start elementor-widget elementor-widget-icon-box\" data-id=\"13357a3\" data-element_type=\"widget\" data-e-type=\"widget\" data-widget_type=\"icon-box.default\">\n\t\t\t\t<div class=\"elementor-widget-container\">\n\t\t\t\t\t\t\t<div class=\"elementor-icon-box-wrapper\">\n\n\t\t\t\t\t\t<div class=\"elementor-icon-box-icon\">\n\t\t\t\t<span  class=\"elementor-icon\">\n\t\t\t\t<svg aria-hidden=\"true\" class=\"e-font-icon-svg e-fas-folder-open\" viewbox=\"0 0 576 512\" xmlns=\"http:\/\/www.w3.org\/2000\/svg\"><path d=\"M572.694 292.093L500.27 416.248A63.997 63.997 0 0 1 444.989 448H45.025c-18.523 0-30.064-20.093-20.731-36.093l72.424-124.155A64 64 0 0 1 152 256h399.964c18.523 0 30.064 20.093 20.73 36.093zM152 224h328v-48c0-26.51-21.49-48-48-48H272l-64-64H48C21.49 64 0 85.49 0 112v278.046l69.077-118.418C86.214 242.25 117.989 224 152 224z\"><\/path><\/svg>\t\t\t\t<\/span>\n\t\t\t<\/div>\n\t\t\t\n\t\t\t\t\t\t<div class=\"elementor-icon-box-content\">\n\n\t\t\t\t\t\t\t\t\t<h3 class=\"elementor-icon-box-title\">\n\t\t\t\t\t\t<span  >\n\t\t\t\t\t\t\tPortf\u00f3lio do Evento\t\t\t\t\t\t<\/span>\n\t\t\t\t\t<\/h3>\n\t\t\t\t\n\t\t\t\t\t\t\t\t\t<p class=\"elementor-icon-box-description\">\n\t\t\t\t\t\tConsulta as fotografias do evento\t\t\t\t\t<\/p>\n\t\t\t\t\n\t\t\t<\/div>\n\t\t\t\n\t\t<\/div>\n\t\t\t\t\t\t<\/div>\n\t\t\t\t<\/div>\n\t\t\t\t<div class=\"elementor-element elementor-element-2b78066 elementor-align-left elementor-widget__width-inherit elementor-mobile-align-center elementor-widget elementor-widget-button\" data-id=\"2b78066\" data-element_type=\"widget\" data-e-type=\"widget\" data-widget_type=\"button.default\">\n\t\t\t\t<div class=\"elementor-widget-container\">\n\t\t\t\t\t\t\t\t\t<div class=\"elementor-button-wrapper\">\n\t\t\t\t\t<a class=\"elementor-button elementor-button-link elementor-size-sm\" href=\"https:\/\/www.facebook.com\/rcaloiroleiria\" target=\"_blank\">\n\t\t\t\t\t\t<span class=\"elementor-button-content-wrapper\">\n\t\t\t\t\t\t<span class=\"elementor-button-icon\">\n\t\t\t\t<svg aria-hidden=\"true\" class=\"e-font-icon-svg e-fas-arrow-right\" viewbox=\"0 0 448 512\" xmlns=\"http:\/\/www.w3.org\/2000\/svg\"><path d=\"M190.5 66.9l22.2-22.2c9.4-9.4 24.6-9.4 33.9 0L441 239c9.4 9.4 9.4 24.6 0 33.9L246.6 467.3c-9.4 9.4-24.6 9.4-33.9 0l-22.2-22.2c-9.5-9.5-9.3-25 .4-34.3L311.4 296H24c-13.3 0-24-10.7-24-24v-32c0-13.3 10.7-24 24-24h287.4L190.9 101.2c-9.8-9.3-10-24.8-.4-34.3z\"><\/path><\/svg>\t\t\t<\/span>\n\t\t\t\t\t\t\t\t\t<span class=\"elementor-button-text\">Aceder ao Portf\u00f3lio<\/span>\n\t\t\t\t\t<\/span>\n\t\t\t\t\t<\/a>\n\t\t\t\t<\/div>\n\t\t\t\t\t\t\t\t<\/div>\n\t\t\t\t<\/div>\n\t\t\t\t<div class=\"elementor-element elementor-element-44c7413 elementor-widget elementor-widget-spacer\" data-id=\"44c7413\" data-element_type=\"widget\" data-e-type=\"widget\" data-widget_type=\"spacer.default\">\n\t\t\t\t<div class=\"elementor-widget-container\">\n\t\t\t\t\t\t\t<div class=\"elementor-spacer\">\n\t\t\t<div class=\"elementor-spacer-inner\"><\/div>\n\t\t<\/div>\n\t\t\t\t\t\t<\/div>\n\t\t\t\t<\/div>\n\t\t\t\t<div class=\"elementor-element elementor-element-5a8e6191 elementor-widget elementor-widget-heading\" data-id=\"5a8e6191\" data-element_type=\"widget\" data-e-type=\"widget\" data-widget_type=\"heading.default\">\n\t\t\t\t<div class=\"elementor-widget-container\">\n\t\t\t\t\t<h5 class=\"elementor-heading-title elementor-size-default\">Pr\u00f3ximo Evento<\/h5>\t\t\t\t<\/div>\n\t\t\t\t<\/div>\n\t\t\t\t<div class=\"elementor-element elementor-element-ea35dd7 elementor-widget elementor-widget-shortcode\" data-id=\"ea35dd7\" data-element_type=\"widget\" data-e-type=\"widget\" data-widget_type=\"shortcode.default\">\n\t\t\t\t<div class=\"elementor-widget-container\">\n\t\t\t\t\t\t\t<div class=\"elementor-shortcode\"><div class=\"r34ics-ajax-container loading\" id=\"r69e6683cc5e2d93\" data-view=\"list\" data-view-is-list-style=\"1\" data-view-is-list-long=\"1\" data-args=\"ae3747132f32425c4aee4045e9a32c89a8e3136a\" data-js-args=\"{&quot;debug&quot;:null}\">&nbsp;<\/div>\n<\/div>\n\t\t\t\t\t\t<\/div>\n\t\t\t\t<\/div>\n\t\t\t\t<div class=\"elementor-element elementor-element-5c74668 elementor-widget elementor-widget-spacer\" data-id=\"5c74668\" data-element_type=\"widget\" data-e-type=\"widget\" data-widget_type=\"spacer.default\">\n\t\t\t\t<div class=\"elementor-widget-container\">\n\t\t\t\t\t\t\t<div class=\"elementor-spacer\">\n\t\t\t<div class=\"elementor-spacer-inner\"><\/div>\n\t\t<\/div>\n\t\t\t\t\t\t<\/div>\n\t\t\t\t<\/div>\n\t\t\t\t<\/div>\n\t\t\t\t<\/div>\n\t\t\t\t<\/div>","protected":false},"excerpt":{"rendered":"<p>Rece\u00e7\u00e3o ao CaloiroO Teu Primeiro Grande Momento Acad\u00e9mico! \ud83c\udf93 A Rece\u00e7\u00e3o ao Caloiro de Leiria \u00e9 muito mais do que uma festa,\u00a0\u00e9 a porta de entrada para a vida acad\u00e9mica de centenas de estudantes do Instituto Polit\u00e9cnico de Leiria. Esta semana de celebra\u00e7\u00e3o d\u00e1 as boas-vindas aos novos alunos com m\u00fasica, tradi\u00e7\u00e3o e muito esp\u00edrito [&hellip;]<\/p>\n","protected":false},"author":5,"featured_media":0,"parent":0,"menu_order":0,"comment_status":"closed","ping_status":"closed","template":"","meta":{"footnotes":""},"class_list":["post-1788","page","type-page","status-publish"],"_links":{"self":[{"href":"https:\/\/aaipleiria.pt\/en\/wp-json\/wp\/v2\/pages\/1788","targetHints":{"allow":["GET"]}}],"collection":[{"href":"https:\/\/aaipleiria.pt\/en\/wp-json\/wp\/v2\/pages"}],"about":[{"href":"https:\/\/aaipleiria.pt\/en\/wp-json\/wp\/v2\/types\/page"}],"author":[{"embeddable":true,"href":"https:\/\/aaipleiria.pt\/en\/wp-json\/wp\/v2\/users\/5"}],"replies":[{"embeddable":true,"href":"https:\/\/aaipleiria.pt\/en\/wp-json\/wp\/v2\/comments?post=1788"}],"version-history":[{"count":0,"href":"https:\/\/aaipleiria.pt\/en\/wp-json\/wp\/v2\/pages\/1788\/revisions"}],"wp:attachment":[{"href":"https:\/\/aaipleiria.pt\/en\/wp-json\/wp\/v2\/media?parent=1788"}],"curies":[{"name":"wp","href":"https:\/\/api.w.org\/{rel}","templated":true}]}}