{"id":1018,"date":"2025-07-29T17:53:41","date_gmt":"2025-07-29T16:53:41","guid":{"rendered":"https:\/\/aaipleiria.pt\/?page_id=1018"},"modified":"2026-04-07T20:31:04","modified_gmt":"2026-04-07T19:31:04","slug":"alojamento","status":"publish","type":"page","link":"https:\/\/aaipleiria.pt\/en\/alojamento\/","title":{"rendered":"Alojamento"},"content":{"rendered":"<div data-elementor-type=\"wp-page\" data-elementor-id=\"1018\" class=\"elementor elementor-1018\" data-elementor-post-type=\"page\">\n\t\t\t\t<div class=\"elementor-element elementor-element-40d1697 animated-fast e-flex e-con-boxed elementor-invisible e-con e-parent\" data-id=\"40d1697\" data-element_type=\"container\" data-e-type=\"container\" data-settings=\"{&quot;animation&quot;:&quot;fadeIn&quot;}\">\n\t\t\t\t\t<div class=\"e-con-inner\">\n\t\t\t\t<div class=\"elementor-element elementor-element-4856dea elementor-widget-mobile__width-inherit elementor--h-position-center elementor--v-position-middle elementor-arrows-position-inside elementor-pagination-position-inside elementor-widget elementor-widget-slides\" data-id=\"4856dea\" data-element_type=\"widget\" data-e-type=\"widget\" data-settings=\"{&quot;navigation&quot;:&quot;both&quot;,&quot;autoplay&quot;:&quot;yes&quot;,&quot;pause_on_hover&quot;:&quot;yes&quot;,&quot;pause_on_interaction&quot;:&quot;yes&quot;,&quot;autoplay_speed&quot;:5000,&quot;transition&quot;:&quot;slide&quot;,&quot;transition_speed&quot;:500}\" data-widget_type=\"slides.default\">\n\t\t\t\t<div class=\"elementor-widget-container\">\n\t\t\t\t\t\t\t\t\t<div class=\"elementor-swiper\">\n\t\t\t\t\t<div class=\"elementor-slides-wrapper elementor-main-swiper swiper\" role=\"region\" aria-roledescription=\"carousel\" aria-label=\"Slides\" dir=\"ltr\" data-animation=\"fadeInRight\">\n\t\t\t\t<div class=\"swiper-wrapper elementor-slides\">\n\t\t\t\t\t\t\t\t\t\t<div class=\"elementor-repeater-item-d94ceaf swiper-slide\" role=\"group\" aria-roledescription=\"slide\"><div class=\"swiper-slide-bg elementor-ken-burns elementor-ken-burns--out\" role=\"img\" aria-label=\"residencias-estudantes-IPL-cor\"><\/div><div class=\"elementor-background-overlay\"><\/div><div class=\"swiper-slide-inner\" ><div class=\"swiper-slide-contents\"><div class=\"elementor-slide-heading\">Onde ficar \ud83c\udfe1\u200b<\/div><div class=\"elementor-slide-description\">Encontrar casa inicialmente pode ser uma tarefa trabalhosa e demorada.\n\nEsta p\u00e1gina oferece orienta\u00e7\u00f5es para te ajudar a encontrar alojamento. Consulta as resid\u00eancias do Polit\u00e9cnico de Leiria ou explora outras op\u00e7\u00f5es acess\u00edveis para estudantes<\/div><\/div><\/div><\/div>\t\t\t\t<\/div>\n\t\t\t\t\t\t\t<\/div>\n\t\t\t\t<\/div>\n\t\t\t\t\t\t\t\t<\/div>\n\t\t\t\t<\/div>\n\t\t\t\t\t<\/div>\n\t\t\t\t<\/div>\n\t\t<div class=\"elementor-element elementor-element-e8123ca e-con-full animated-fast e-flex elementor-invisible e-con e-parent\" data-id=\"e8123ca\" data-element_type=\"container\" data-e-type=\"container\" data-settings=\"{&quot;animation&quot;:&quot;fadeIn&quot;}\">\n\t\t<div class=\"elementor-element elementor-element-e68f82d e-con-full e-flex e-con e-child\" data-id=\"e68f82d\" data-element_type=\"container\" data-e-type=\"container\">\n\t\t\t\t<div class=\"elementor-element elementor-element-b464315 elementor-widget elementor-widget-text-editor\" data-id=\"b464315\" data-element_type=\"widget\" data-e-type=\"widget\" data-widget_type=\"text-editor.default\">\n\t\t\t\t<div class=\"elementor-widget-container\">\n\t\t\t\t\t\t\t\t\t<h3><strong data-start=\"147\" data-end=\"162\">Resid\u00eancias do Polit\u00e9cnico<\/strong><\/h3><p data-start=\"296\" data-end=\"355\">As resid\u00eancias dos Servi\u00e7os de A\u00e7\u00e3o Social do Polit\u00e9cnico de Leiria s\u00e3o uma das formas mais econ\u00f3micas e seguras de te alojar. Com quartos mobilados, cozinhas equipadas e zonas de estudo, aqui encontras uma verdadeira comunidade acad\u00e9mica.<\/p>\t\t\t\t\t\t\t\t<\/div>\n\t\t\t\t<\/div>\n\t\t\t\t<div class=\"elementor-element elementor-element-f2f43ad elementor-align-left elementor-widget__width-inherit elementor-mobile-align-left elementor-widget elementor-widget-button\" data-id=\"f2f43ad\" data-element_type=\"widget\" data-e-type=\"widget\" data-widget_type=\"button.default\">\n\t\t\t\t<div class=\"elementor-widget-container\">\n\t\t\t\t\t\t\t\t\t<div class=\"elementor-button-wrapper\">\n\t\t\t\t\t<a class=\"elementor-button elementor-button-link elementor-size-sm\" href=\"https:\/\/www.ipleiria.pt\/viver\/dia-a-dia\/alojamento\/\" target=\"_blank\">\n\t\t\t\t\t\t<span class=\"elementor-button-content-wrapper\">\n\t\t\t\t\t\t<span class=\"elementor-button-icon\">\n\t\t\t\t<svg aria-hidden=\"true\" class=\"e-font-icon-svg e-fas-arrow-right\" viewbox=\"0 0 448 512\" xmlns=\"http:\/\/www.w3.org\/2000\/svg\"><path d=\"M190.5 66.9l22.2-22.2c9.4-9.4 24.6-9.4 33.9 0L441 239c9.4 9.4 9.4 24.6 0 33.9L246.6 467.3c-9.4 9.4-24.6 9.4-33.9 0l-22.2-22.2c-9.5-9.5-9.3-25 .4-34.3L311.4 296H24c-13.3 0-24-10.7-24-24v-32c0-13.3 10.7-24 24-24h287.4L190.9 101.2c-9.8-9.3-10-24.8-.4-34.3z\"><\/path><\/svg>\t\t\t<\/span>\n\t\t\t\t\t\t\t\t\t<span class=\"elementor-button-text\">Saber Mais<\/span>\n\t\t\t\t\t<\/span>\n\t\t\t\t\t<\/a>\n\t\t\t\t<\/div>\n\t\t\t\t\t\t\t\t<\/div>\n\t\t\t\t<\/div>\n\t\t\t\t<\/div>\n\t\t<div class=\"elementor-element elementor-element-5cb5902 e-con-full e-flex e-con e-child\" data-id=\"5cb5902\" data-element_type=\"container\" data-e-type=\"container\">\n\t\t\t\t<div class=\"elementor-element elementor-element-b7d778c elementor-widget elementor-widget-image\" data-id=\"b7d778c\" data-element_type=\"widget\" data-e-type=\"widget\" data-widget_type=\"image.default\">\n\t\t\t\t<div class=\"elementor-widget-container\">\n\t\t\t\t\t\t\t\t\t\t\t\t\t\t\t<img fetchpriority=\"high\" decoding=\"async\" width=\"1024\" height=\"678\" src=\"https:\/\/aaipleiria.pt\/wp-content\/uploads\/2025\/08\/webpc-passthru-1.webp\" class=\"attachment-full size-full wp-image-3606\" alt=\"\" srcset=\"https:\/\/aaipleiria.pt\/wp-content\/uploads\/2025\/08\/webpc-passthru-1.webp 1024w, https:\/\/aaipleiria.pt\/wp-content\/uploads\/2025\/08\/webpc-passthru-1-300x199.webp 300w, https:\/\/aaipleiria.pt\/wp-content\/uploads\/2025\/08\/webpc-passthru-1-768x509.webp 768w\" sizes=\"(max-width: 1024px) 100vw, 1024px\" \/>\t\t\t\t\t\t\t\t\t\t\t\t\t\t\t<\/div>\n\t\t\t\t<\/div>\n\t\t\t\t<\/div>\n\t\t\t\t<\/div>\n\t\t<div class=\"elementor-element elementor-element-bc045f7 animated-fast e-flex e-con-boxed elementor-invisible e-con e-parent\" data-id=\"bc045f7\" data-element_type=\"container\" data-e-type=\"container\" data-settings=\"{&quot;animation&quot;:&quot;fadeIn&quot;}\">\n\t\t\t\t\t<div class=\"e-con-inner\">\n\t\t\t\t<div class=\"elementor-element elementor-element-59b47fe elementor-widget elementor-widget-spacer\" data-id=\"59b47fe\" data-element_type=\"widget\" data-e-type=\"widget\" data-widget_type=\"spacer.default\">\n\t\t\t\t<div class=\"elementor-widget-container\">\n\t\t\t\t\t\t\t<div class=\"elementor-spacer\">\n\t\t\t<div class=\"elementor-spacer-inner\"><\/div>\n\t\t<\/div>\n\t\t\t\t\t\t<\/div>\n\t\t\t\t<\/div>\n\t\t\t\t\t<\/div>\n\t\t\t\t<\/div>\n\t\t<div class=\"elementor-element elementor-element-a8b7de9 e-con-full animated-fast e-flex elementor-invisible e-con e-parent\" data-id=\"a8b7de9\" data-element_type=\"container\" data-e-type=\"container\" data-settings=\"{&quot;animation&quot;:&quot;fadeIn&quot;}\">\n\t\t<div class=\"elementor-element elementor-element-64218b8 e-con-full e-flex e-con e-child\" data-id=\"64218b8\" data-element_type=\"container\" data-e-type=\"container\">\n\t\t\t\t<div class=\"elementor-element elementor-element-225dee7 elementor-widget elementor-widget-text-editor\" data-id=\"225dee7\" data-element_type=\"widget\" data-e-type=\"widget\" data-widget_type=\"text-editor.default\">\n\t\t\t\t<div class=\"elementor-widget-container\">\n\t\t\t\t\t\t\t\t\t<h3><strong data-start=\"147\" data-end=\"162\">Alojamento Privado<\/strong><\/h3><p data-start=\"253\" data-end=\"425\">Se \u00e9s uma pessoa que est\u00e1 confort\u00e1vel para ir viver com amigos ou ter o seu pr\u00f3prio espa\u00e7o, o alojamento privado \u00e9 uma op\u00e7\u00e3o flex\u00edvel para quem procura diferentes tipos de conforto, privacidade ou localiza\u00e7\u00e3o.<\/p><p data-start=\"427\" data-end=\"603\">Em Leiria, existem <strong data-start=\"446\" data-end=\"491\">centenas de quartos e casas para arrendar<\/strong>, desde quartos em apartamentos partilhados com estudantes, at\u00e9 est\u00fadios ou T1s para quem prefere viver sozinho.<\/p><h5 data-start=\"605\" data-end=\"635\">O que podes encontrar:<\/h5><ul data-start=\"636\" data-end=\"886\"><li data-start=\"636\" data-end=\"688\"><p data-start=\"638\" data-end=\"688\"><img decoding=\"async\" class=\"emoji\" role=\"img\" draggable=\"false\" src=\"https:\/\/s.w.org\/images\/core\/emoji\/16.0.1\/svg\/1f6cf.svg\" alt=\"\ud83d\udecf\ufe0f\" \/> <strong data-start=\"642\" data-end=\"663\">Quartos mobilados<\/strong> com ou sem despesas inclu\u00eddas<\/p><\/li><li data-start=\"739\" data-end=\"792\"><p data-start=\"741\" data-end=\"792\"><img decoding=\"async\" class=\"emoji\" role=\"img\" draggable=\"false\" src=\"https:\/\/s.w.org\/images\/core\/emoji\/16.0.1\/svg\/1f511.svg\" alt=\"\ud83d\udd11\" \/> <strong data-start=\"744\" data-end=\"774\">Apartamentos independentes<\/strong> perto do campus<\/p><\/li><\/ul>\t\t\t\t\t\t\t\t<\/div>\n\t\t\t\t<\/div>\n\t\t\t\t<div class=\"elementor-element elementor-element-dcb2367 elementor-widget elementor-widget-spacer\" data-id=\"dcb2367\" data-element_type=\"widget\" data-e-type=\"widget\" data-widget_type=\"spacer.default\">\n\t\t\t\t<div class=\"elementor-widget-container\">\n\t\t\t\t\t\t\t<div class=\"elementor-spacer\">\n\t\t\t<div class=\"elementor-spacer-inner\"><\/div>\n\t\t<\/div>\n\t\t\t\t\t\t<\/div>\n\t\t\t\t<\/div>\n\t\t\t\t<\/div>\n\t\t<div class=\"elementor-element elementor-element-0e10a9a e-con-full e-flex e-con e-child\" data-id=\"0e10a9a\" data-element_type=\"container\" data-e-type=\"container\">\n\t\t\t\t<div class=\"elementor-element elementor-element-0ab7098 elementor-widget elementor-widget-text-editor\" data-id=\"0ab7098\" data-element_type=\"widget\" data-e-type=\"widget\" data-widget_type=\"text-editor.default\">\n\t\t\t\t<div class=\"elementor-widget-container\">\n\t\t\t\t\t\t\t\t\t<h4 data-start=\"888\" data-end=\"910\"><img decoding=\"async\" class=\"emoji\" role=\"img\" draggable=\"false\" src=\"https:\/\/s.w.org\/images\/core\/emoji\/16.0.1\/svg\/1f50e.svg\" alt=\"\ud83d\udd0e\" \/> Onde procurar:<\/h4><ul data-start=\"911\" data-end=\"1063\"><li data-start=\"911\" data-end=\"940\"><p data-start=\"913\" data-end=\"940\">OLX, Idealista, Uniplaces<\/p><\/li><li data-start=\"941\" data-end=\"1002\"><p data-start=\"943\" data-end=\"1002\">Grupos de Facebook como:<\/p><ul data-start=\"911\" data-end=\"1063\"><li><p><span style=\"color: #3366ff;\"><a style=\"color: #3366ff;\" href=\"https:\/\/www.facebook.com\/groups\/736297609850171\/\">Quartos e Apartamentos- Leiria<\/a><\/span><\/p><\/li><li><p><span style=\"color: #3366ff;\"><a style=\"color: #3366ff;\" href=\"https:\/\/www.facebook.com\/groups\/1315974375171321\/\">Quartos\/Apartamentos para arrendar LEIRIA<\/a><\/span><\/p><\/li><li><p><span style=\"color: #3366ff;\"><a style=\"color: #3366ff;\" href=\"https:\/\/www.facebook.com\/groups\/3232668563726651\/\">Casas e Apartamentos baratos em Leiria e arredores<\/a><\/span><\/p><\/li><li><p><span style=\"color: #3366ff;\"><a style=\"color: #3366ff;\" href=\"https:\/\/www.facebook.com\/groups\/1669848199995827\/\">Quartos para arrendamento em leiria , Compra, venda e troca<\/a><\/span><\/p><\/li><li><p><span style=\"color: #3366ff;\"><a style=\"color: #3366ff;\" href=\"https:\/\/www.facebook.com\/groups\/100871310052661\/\">CASINHAS E QUARTINHOS LINDOS PARA ALUGAR | CALDAS DA RAINHA<\/a><\/span><\/p><\/li><li><p><span style=\"color: #3366ff;\"><a style=\"color: #3366ff;\" href=\"https:\/\/www.facebook.com\/groups\/297100748787282\/\">Quartos em Caldas da Rainha arrendar<\/a><\/span><\/p><\/li><li><p><span style=\"color: #3366ff;\"><a style=\"color: #3366ff;\" href=\"https:\/\/www.facebook.com\/groups\/182509972681305\/\">Casas Estudantes Peniche ESTM<\/a><\/span><\/p><\/li><\/ul><\/li><li data-start=\"1003\" data-end=\"1063\"><p data-start=\"1005\" data-end=\"1063\">An\u00fancios partilhados no quadro \u00e0 frente da AAIPLeiria (Edif\u00edcio A da ESTG). Podes consultar esses an\u00fancios <span style=\"color: #3366ff;\"><a style=\"color: #3366ff;\" href=\"https:\/\/myipleiria-my.sharepoint.com\/:f:\/g\/personal\/ae_estg_my_ipleiria_pt\/Ep_7xftQHVBAowoGpEcUTpoBNkfqWSyZNHpKcouhadnVOg?e=WGbcSr\">aqui.<\/a><\/span><\/p><\/li><\/ul>\t\t\t\t\t\t\t\t<\/div>\n\t\t\t\t<\/div>\n\t\t\t\t<\/div>\n\t\t<div class=\"elementor-element elementor-element-825c906 e-con-full e-flex e-con e-child\" data-id=\"825c906\" data-element_type=\"container\" data-e-type=\"container\">\n\t\t\t\t<div class=\"elementor-element elementor-element-e278d06 elementor-widget elementor-widget-text-editor\" data-id=\"e278d06\" data-element_type=\"widget\" data-e-type=\"widget\" data-widget_type=\"text-editor.default\">\n\t\t\t\t<div class=\"elementor-widget-container\">\n\t\t\t\t\t\t\t\t\t<h4 data-start=\"1065\" data-end=\"1087\">\u26a0\ufe0f Alguns Avisos:<\/h4><ul data-start=\"1088\" data-end=\"1321\"><li data-start=\"1088\" data-end=\"1137\"><p data-start=\"1090\" data-end=\"1137\">Visita sempre o local antes de fechar neg\u00f3cio<\/p><\/li><li data-start=\"1138\" data-end=\"1202\"><p data-start=\"1140\" data-end=\"1202\">Evita contratos verbais, um <strong data-start=\"1169\" data-end=\"1200\">contrato escrito protege-te<\/strong><\/p><\/li><li data-start=\"1203\" data-end=\"1268\"><p data-start=\"1205\" data-end=\"1268\">Verifica sempre se os servi\u00e7os (\u00e1gua, luz, internet) est\u00e3o inclu\u00eddos ou se as despesas s\u00e3o pagas \u00e0 parte<\/p><\/li><\/ul>\t\t\t\t\t\t\t\t<\/div>\n\t\t\t\t<\/div>\n\t\t\t\t<\/div>\n\t\t\t\t<\/div>\n\t\t<div class=\"elementor-element elementor-element-d6b956c animated-fast e-flex e-con-boxed elementor-invisible e-con e-parent\" data-id=\"d6b956c\" data-element_type=\"container\" data-e-type=\"container\" data-settings=\"{&quot;animation&quot;:&quot;fadeIn&quot;}\">\n\t\t\t\t\t<div class=\"e-con-inner\">\n\t\t\t\t<div class=\"elementor-element elementor-element-5ac2ec1 elementor-widget elementor-widget-spacer\" data-id=\"5ac2ec1\" data-element_type=\"widget\" data-e-type=\"widget\" data-widget_type=\"spacer.default\">\n\t\t\t\t<div class=\"elementor-widget-container\">\n\t\t\t\t\t\t\t<div class=\"elementor-spacer\">\n\t\t\t<div class=\"elementor-spacer-inner\"><\/div>\n\t\t<\/div>\n\t\t\t\t\t\t<\/div>\n\t\t\t\t<\/div>\n\t\t\t\t\t<\/div>\n\t\t\t\t<\/div>\n\t\t\t\t<\/div>","protected":false},"excerpt":{"rendered":"<p>Onde ficar \ud83c\udfe1\u200bEncontrar casa inicialmente pode ser uma tarefa trabalhosa e demorada. Esta p\u00e1gina oferece orienta\u00e7\u00f5es para te ajudar a encontrar alojamento. Consulta as resid\u00eancias do Polit\u00e9cnico de Leiria ou explora outras op\u00e7\u00f5es acess\u00edveis para estudantes Resid\u00eancias do Polit\u00e9cnico As resid\u00eancias dos Servi\u00e7os de A\u00e7\u00e3o Social do Polit\u00e9cnico de Leiria s\u00e3o uma das formas mais [&hellip;]<\/p>\n","protected":false},"author":5,"featured_media":0,"parent":0,"menu_order":0,"comment_status":"closed","ping_status":"closed","template":"","meta":{"footnotes":""},"class_list":["post-1018","page","type-page","status-publish"],"_links":{"self":[{"href":"https:\/\/aaipleiria.pt\/en\/wp-json\/wp\/v2\/pages\/1018","targetHints":{"allow":["GET"]}}],"collection":[{"href":"https:\/\/aaipleiria.pt\/en\/wp-json\/wp\/v2\/pages"}],"about":[{"href":"https:\/\/aaipleiria.pt\/en\/wp-json\/wp\/v2\/types\/page"}],"author":[{"embeddable":true,"href":"https:\/\/aaipleiria.pt\/en\/wp-json\/wp\/v2\/users\/5"}],"replies":[{"embeddable":true,"href":"https:\/\/aaipleiria.pt\/en\/wp-json\/wp\/v2\/comments?post=1018"}],"version-history":[{"count":0,"href":"https:\/\/aaipleiria.pt\/en\/wp-json\/wp\/v2\/pages\/1018\/revisions"}],"wp:attachment":[{"href":"https:\/\/aaipleiria.pt\/en\/wp-json\/wp\/v2\/media?parent=1018"}],"curies":[{"name":"wp","href":"https:\/\/api.w.org\/{rel}","templated":true}]}}